{"id":7,"date":"2016-05-03T17:53:46","date_gmt":"2016-05-03T16:53:46","guid":{"rendered":"https:\/\/www.demenagement-creteil-94.fr\/?page_id=7"},"modified":"2023-12-04T10:30:00","modified_gmt":"2023-12-04T09:30:00","slug":"demenagement-creteil","status":"publish","type":"page","link":"https:\/\/www.demenagement-creteil-94.fr\/","title":{"rendered":"D\u00e9m\u00e9nagement Cr\u00e9teil votre devis en 1h"},"content":{"rendered":"\n<p>Un <a href=\"https:\/\/www.demenageur.com\/devis-demenagement\/\">devis gratuit en ligne<\/a> pour chaque cas de d\u00e9m\u00e9nagement est n\u00e9cessaire, puisque chaque cas diff\u00e8re d\u2019une famille \u00e0 une autre.<br> Dilemme psychologique d\u00fb au d\u00e9m\u00e9nagement :<\/p>\n\n\n\n<p>Le d\u00e9m\u00e9nagement demenageur.com\u00a0est souvent une \u00e9preuve pour toute la famille, qu\u2019elle ait \u00e9t\u00e9 d\u00e9cid\u00e9e suite \u00e0 un choix de vie murement r\u00e9fl\u00e9chie, \u00e0 la suite d\u2019une circonstance familiale, \u00e0 la perte ou l\u2019obtention d\u2019un emploi, ou m\u00eame \u00e0 cause d\u2019une catastrophe naturelle. Souvent donc, on ne sait quoi emporter, les enfants r\u00e9clament \u00e0 cri et \u00e0 corps \u00e0 emporter leur doudou, qui depuis longtemps a \u00e9t\u00e9 m\u00e2chouill\u00e9 et est d\u00e9figur\u00e9. Les parents ne savent quoi emporter, jusqu\u2019aux troph\u00e9es de sports des enfants, aux cadeaux de f\u00eate de m\u00e8re et de f\u00eate de p\u00e8re, fabriqu\u00e9s manuellement et souvent d\u00e9form\u00e9s. Il est important donc de bien choisir les biens dont on ne peut se passer, de ceux qui peuvent \u00eatre d\u00e9laiss\u00e9s sans trop de peines.<\/p>\n\n\n\n<h2 class=\"wp-block-heading\">D\u00e9m\u00e9nager sereinement gr\u00e2ce \u00e0 la logistique<\/h2>\n\n\n\n<p>D\u00e9m\u00e9nager, demande un plan d\u2019action pr\u00e9cis. De la pr\u00e9paration des carton d\u00e9m\u00e9nagement en passant par leur disposition dans le camion des d\u00e9m\u00e9nageurs jusqu\u2019au d\u00e9ballage. Pour commencer donc, le d\u00e9m\u00e9nagement proprement dit, la premi\u00e8re \u00e9tape cruciale et difficile pour les nerfs se trouve \u00eatre le tri. Dans le tri, la question \u00e0 se poser est, \u00e0-t \u2019on besoin ce cet objet-ci ? Tout objet ayant obtenu la r\u00e9ponse oui \u00e0 la question pos\u00e9e est d\u2019instinct empaquet\u00e9, emball\u00e9 et mis \u00e0 la disposition de l\u2019entreprise de d\u00e9m\u00e9nagement\u00a0choisie. Le reste, ayant re\u00e7u comme r\u00e9ponse peut \u00eatre en aura t\u2019on besoin un jour, on ne peut pas se s\u00e9parer de cet objet-ci fera l\u2019objet d\u2019un deuxi\u00e8me tri. Ce qui fait que m\u00eame si l\u2019on a envie de tout emporter, des objets les plus utiles jusqu\u2019aux choses inutilisables dont on n\u2019a toujours pas envie de se s\u00e9parer, il faut se d\u00e9faire d\u2019une bonne partie de ceux-ci. La m\u00e9thodologie la plus \u00e9quitable se trouve \u00eatre de laisser tout ce qui est inutile et n\u2019a pas re\u00e7u un oui comme r\u00e9ponse \u00e0 la question pos\u00e9e ci-dessus, mais quand m\u00eame de laisser une marge de man\u0153uvre \u00e0 chaque membre de la famille. Cette marge constitue \u00e0 emporter un ou deux objets, qualifi\u00e9s d\u2019inutile, mais qui d\u2019apr\u00e8s une des membres de la famille leur est indispensable. L\u2019\u00e9tape suivante, tout aussi \u00e9prouvante que le tri se trouve \u00eatre l\u2019empaquetage. En effet, il faut passer par la mise en carton desdits objets, faire en sorte qu\u2019ils ne s\u2019entrechoquent pas pour \u00e9viter les cassures, et les ferm\u00e9s herm\u00e9tiquement pour ne pas les trouver \u00e9parpiller un peu partout dans le camion de d\u00e9m\u00e9nagement \u00e0 l\u2019arriv\u00e9. Entre les rubans adh\u00e9sifs, les cartons \u00e0 acheter ou \u00e0 demander chez l\u2019\u00e9picier du coin ou en faisant la tourn\u00e9e des voisins pour leur demander les cartons inutilis\u00e9s, les papiers journaux \u00e0 se pr\u00e9munir pour faire office d\u2019anti choc, les papiers bulles et autres bric-\u00e0-brac inclut dans la valise du parfait petit d\u00e9m\u00e9nageur, on se trouve vite submerg\u00e9 par les \u00e9v\u00e8nements et la contrainte temps souvent nous rattrape. S\u2019en remettre \u00e0 un sp\u00e9cialiste se trouve \u00eatre donc, dans presque tous les cas, la meilleure solution, et aussi la moins stressante. En tant que sp\u00e9cialistes du d\u00e9m\u00e9nagement, les d\u00e9m\u00e9nageurs aguerris disposent souvent d\u2019une panoplie d\u2019outils adapt\u00e9s \u00e0 chaque cas, en passant par les emballages, jusqu\u2019\u00e0 la m\u00e9thode de fermeture et de pressurisation de chaque paquet.<\/p>\n\n\n\n<h2 class=\"wp-block-heading\">Consignes et recommandations \u00e0 faire \u00e0 l\u2019entreprise de d\u00e9m\u00e9nagement et aux d\u00e9m\u00e9nageurs sp\u00e9cifiquement:<\/h2>\n\n\n\n<p>Pour ne pas \u00e0 avoir \u00e0 perdre des objets pr\u00e9cieux ou pas, mettre des consignes sur les cartons de d\u00e9m\u00e9nagement peut se trouver \u00eatre efficace. En g\u00e9n\u00e9ral, les grands objets volumineux et ayant un poids tr\u00e8s lourd peuvent se passer de consigne, car il est difficile de les perdre, de plus il est rare de les casser, si ils sont bien emball\u00e9s suivant les crit\u00e8res d\u2019ergonomie qui leur est propre. Ce sont le cas par exemple des machines \u00e0 laver, des frigidaires et autres meubles de salon ou de chambre \u00e0 coucher. Ce volet-ci concerne surtout les multitudes de petits objets ch\u00e8res \u00e0 nos c\u0153urs, mais qui sommes toutes se trouvent \u00eatre des bric-\u00e0-brac sans vraiment de t\u00e2che pr\u00e9cise. Une \u00e9tiqu\u00e8te contenant tout les consignes et recommandations pour les d\u00e9m\u00e9nageurs serait donc n\u00e9cessaire pour mieux g\u00e9rer tous les cartons. En passant par \u00ab fragile \u00bb pour la porcelaine et les diff\u00e9rents \u00e9l\u00e9ments constitutifs de la vaisselle, \u00ab attention, \u00e0 ne pas perdre \u00bb pour les doudous et autres jouets des enfants \u00bb, jusqu\u2019au \u00ab\u00e0 mettre en haut de la pile \u00bb pour les diff\u00e9rents cadeaux de d\u00e9m\u00e9nagement offert par la famille.<\/p>\n\n\n\n<p>Tout d\u00e9m\u00e9nagement entraine des contraintes et des stress in\u00e9luctables, mais s&rsquo;en remettre \u00e0 des d\u00e9m\u00e9nageurs professionnels ou une entreprise sp\u00e9cialis\u00e9e dans le d\u00e9m\u00e9nagement s&rsquo;av\u00e8re \u00eatre le mieux.<\/p>\n","protected":false},"excerpt":{"rendered":"<p>Un devis gratuit en ligne pour chaque cas de d\u00e9m\u00e9nagement est n\u00e9cessaire, puisque chaque cas diff\u00e8re d\u2019une famille \u00e0 une autre. Dilemme psychologique d\u00fb au d\u00e9m\u00e9nagement : Le d\u00e9m\u00e9nagement demenageur.com\u00a0est souvent une \u00e9preuve pour toute la famille, qu\u2019elle ait \u00e9t\u00e9 d\u00e9cid\u00e9e suite \u00e0 un choix de vie murement r\u00e9fl\u00e9chie, \u00e0 la suite d\u2019une circonstance familiale, &hellip; <a href=\"https:\/\/www.demenagement-creteil-94.fr\/\" class=\"more-link\">Continuer la lecture<span class=\"screen-reader-text\"> de &laquo;&nbsp;D\u00e9m\u00e9nagement Cr\u00e9teil votre devis en 1h&nbsp;&raquo;<\/span><\/a><\/p>\n","protected":false},"author":1,"featured_media":0,"parent":0,"menu_order":0,"comment_status":"closed","ping_status":"closed","template":"","meta":{"_seopress_robots_primary_cat":"","_seopress_titles_title":"","_seopress_titles_desc":"","_seopress_robots_index":"","footnotes":""},"class_list":["post-7","page","type-page","status-publish","hentry"],"_links":{"self":[{"href":"https:\/\/www.demenagement-creteil-94.fr\/index.php\/wp-json\/wp\/v2\/pages\/7","targetHints":{"allow":["GET"]}}],"collection":[{"href":"https:\/\/www.demenagement-creteil-94.fr\/index.php\/wp-json\/wp\/v2\/pages"}],"about":[{"href":"https:\/\/www.demenagement-creteil-94.fr\/index.php\/wp-json\/wp\/v2\/types\/page"}],"author":[{"embeddable":true,"href":"https:\/\/www.demenagement-creteil-94.fr\/index.php\/wp-json\/wp\/v2\/users\/1"}],"replies":[{"embeddable":true,"href":"https:\/\/www.demenagement-creteil-94.fr\/index.php\/wp-json\/wp\/v2\/comments?post=7"}],"version-history":[{"count":7,"href":"https:\/\/www.demenagement-creteil-94.fr\/index.php\/wp-json\/wp\/v2\/pages\/7\/revisions"}],"predecessor-version":[{"id":18,"href":"https:\/\/www.demenagement-creteil-94.fr\/index.php\/wp-json\/wp\/v2\/pages\/7\/revisions\/18"}],"wp:attachment":[{"href":"https:\/\/www.demenagement-creteil-94.fr\/index.php\/wp-json\/wp\/v2\/media?parent=7"}],"curies":[{"name":"wp","href":"https:\/\/api.w.org\/{rel}","templated":true}]}}